{"id":1237,"date":"2021-05-25T18:45:02","date_gmt":"2021-05-25T18:45:02","guid":{"rendered":"http:\/\/miriamsmidt.com\/?page_id=1237"},"modified":"2026-02-07T15:42:08","modified_gmt":"2026-02-07T15:42:08","slug":"exhibitions","status":"publish","type":"page","link":"https:\/\/miriamsmidt.com\/?page_id=1237","title":{"rendered":"AUSSTELLUNGEN"},"content":{"rendered":"\n<p><strong>Kuration: <\/strong><\/p>\n\n\n\n<p>2025:  Next Level Sht*, mit Maja Rohwetter, Ann Schomburg, Swaantje G\u00fcntzel; Inselgalerie Berlin<\/p>\n\n\n\n<p>2025 \u2013 Passionistas, mit Kim Dotty Hachmann, Maria Korporal, Astrid Menze, Wai Kit Lam et al.; Messeauftritt der Inselgalerie Berlin, Supermarket \u2013 Stockholm Independent Art Fair, Stockholm <\/p>\n\n\n\n<p>2025 \u2013 &#8222;Lunik lebt &#8211; K\u00fcnstlerische Interventionen im ehemaligen Hotel Lunik&#8220;, mit Martin Gnadt, Kim Dotty Hachmann, Frauke Bohge, Martin Maleschka et al.; Kunstfestival Eisenh\u00fcttenstadt (gef\u00f6rdert durch MWFK Brandenburg &amp; Landkreis Oder-Spree); ehemaliges Hotel Lunik, Eisenh\u00fcttenstadt<\/p>\n\n\n\n<p>2024: &#8222;Next Level Sh*t&#8220;,  with KIm Dotty Hachmann, Anna Berndtson, Kika Nikolela, Ju Schnee, V3, Inselgalerie, Berlin<\/p>\n\n\n\n<p>2022: &#8222;Beyond Paradise&#8220;, with, Catherine Bourdon, Frauke Bohge, Amelia Nin et al., ArtWerk Berlin<\/p>\n\n\n\n<p>2020: \u201eAggregatzust\u00e4nde\u201c  with Daniela Bustamente, Pippa Bowyer Patino et al. , ArtWerk, Berlin<\/p>\n\n\n\n<p><strong>Solo:<\/strong><\/p>\n\n\n\n<p>2025 &#8222;SMITTEN&#8220;, Art-Salon im Beginenhof, Berlin<\/p>\n\n\n\n<p>2024 &#8222;Schattenflucht&#8220;, Inselgalerie, Berlin<\/p>\n\n\n\n<p>2024: &#8222;Color Breeze&#8220;, Stiftung Wissenschaft und Politik, Berlin<\/p>\n\n\n\n<p>2024: &#8222;Paradoxe Reaktionen&#8220;, Galerie Carmen Varese, Berlin<\/p>\n\n\n\n<p>2023: &#8220; In the Mood to Fly&#8220;, Flexim Galerie, Berlin<\/p>\n\n\n\n<p>2023: &#8222;Endless Summer&#8220; Contemporary Art Salon, HaSpa x Z Contemporary, Hamburg<\/p>\n\n\n\n<p>2023:  &#8222;Lebenszeichen&#8220;, Art in Public Spaces &#8211; curated by Dr, Lilly F\u00fcrstenow, Volkssolidarit\u00e4t, Berlin <\/p>\n\n\n\n<p>2022: &#8222;NOW!&#8220; ZContemporary, Hamburg<\/p>\n\n\n\n<p>2021: &#8222;Elysium&#8220;, ArtWerk, Berlin<\/p>\n\n\n\n<p>2020: &#8222;Vogelperspektiven&#8220;, st\u00e4dtische Bibliotheken, Berlin<\/p>\n\n\n\n<figure class=\"wp-block-image size-large\"><img loading=\"lazy\" width=\"700\" height=\"393\" src=\"https:\/\/miriamsmidt.com\/wp-content\/uploads\/2025\/02\/Katalogffoto-Schattenflucht_Inselglaerie-2024_\u00a9-Miriam-Smidt_cmyk-700x393.jpg\" alt=\"\" class=\"wp-image-1976\" srcset=\"https:\/\/miriamsmidt.com\/wp-content\/uploads\/2025\/02\/Katalogffoto-Schattenflucht_Inselglaerie-2024_\u00a9-Miriam-Smidt_cmyk-700x393.jpg 700w, https:\/\/miriamsmidt.com\/wp-content\/uploads\/2025\/02\/Katalogffoto-Schattenflucht_Inselglaerie-2024_\u00a9-Miriam-Smidt_cmyk-300x168.jpg 300w, https:\/\/miriamsmidt.com\/wp-content\/uploads\/2025\/02\/Katalogffoto-Schattenflucht_Inselglaerie-2024_\u00a9-Miriam-Smidt_cmyk-768x431.jpg 768w, https:\/\/miriamsmidt.com\/wp-content\/uploads\/2025\/02\/Katalogffoto-Schattenflucht_Inselglaerie-2024_\u00a9-Miriam-Smidt_cmyk-1536x861.jpg 1536w, https:\/\/miriamsmidt.com\/wp-content\/uploads\/2025\/02\/Katalogffoto-Schattenflucht_Inselglaerie-2024_\u00a9-Miriam-Smidt_cmyk-2048x1149.jpg 2048w\" sizes=\"(max-width: 700px) 100vw, 700px\" \/><figcaption>Schattenflucht, Inselgalerie Berlin<\/figcaption><\/figure>\n\n\n\n<p><strong>Messe:<\/strong><\/p>\n\n\n\n<p>2022: &#8222;Holy Fluff&#8220; Supermarket Art Fair, with top artitstinitiatives, Stockholm<\/p>\n\n\n\n<p>2019 : wopart &#8211; work on paper fair, with Context Gallery, Lugano<\/p>\n\n\n\n<p>2018 : Arte Padova, with Context Gallery,  Padova<\/p>\n\n\n\n<p><\/p>\n\n\n\n<p><strong>Gruppe:<\/strong><\/p>\n\n\n\n<p>2025: Archipel der freundlichen Utopien&#8220;, Inselgalerie, Berlin<\/p>\n\n\n\n<p>2025: &#8222;The German Project&#8220; Copelouzos Museum, Athen<\/p>\n\n\n\n<p>2024: &#8222;MAD&#8220;; Altes Waschhaus, Berlin-K\u00f6penick<\/p>\n\n\n\n<p>,2023: &#8222;International Painters Exhibition&#8220;, Remezzo Gallery, Thessaloniki<\/p>\n\n\n\n<p>2023: &#8222;Variable X&#8220;,  Inselgalerie, Berlin<\/p>\n\n\n\n<p>2023: &#8222;Art Meets You&#8220;, Cassiopeia, Berlin<\/p>\n\n\n\n<p>2023: Presentation of the  1st International Painting Symposium, Chilis Theater, Kalamaria<\/p>\n\n\n\n<p>2022: &#8222;Kunst Macht Freiheit&#8220; Zwinglikirche, Berlin<\/p>\n\n\n\n<p>2022: &#8222;Chasing the Rainbow&#8220; Kreativgesellschaft \/ ZContemporary, Hamburg<\/p>\n\n\n\n<p>2022: &#8222;Fresh Legs&#8220;, Inselgalerie, Berlin<\/p>\n\n\n\n<p>2021: &#8222;Women in Art 2021&#8220;,  Z-Contemporary at Berlin Artweek, Berlin<\/p>\n\n\n\n<p>2021: &#8222;Morgen&#8220;, Inselgalerie, Berlin<\/p>\n\n\n\n<p>2021: &#8222;Love &#8211; and other stories&#8220;,  Virtual exhibition due to Covid 19, Z-Contemporary, Hamburg<\/p>\n\n\n\n<p>2021: &#8222;Love abstract&#8220;, Virtual exhibition due to Covid 19, Cool Art Movement, Rom<\/p>\n\n\n\n<p>2020: &#8222;The Art of Distancing&#8220;, Z-Contemporary; Hamburg<\/p>\n\n\n\n<p>2020 &#8222;Spring is not canceled&#8220;, Z-Contemporary, Hamburg<\/p>\n\n\n\n<figure class=\"wp-block-image size-large\"><img loading=\"lazy\" width=\"700\" height=\"933\" src=\"https:\/\/miriamsmidt.com\/wp-content\/uploads\/2025\/03\/IMG_4065-700x933.jpg\" alt=\"\" class=\"wp-image-2001\" srcset=\"https:\/\/miriamsmidt.com\/wp-content\/uploads\/2025\/03\/IMG_4065-700x933.jpg 700w, https:\/\/miriamsmidt.com\/wp-content\/uploads\/2025\/03\/IMG_4065-225x300.jpg 225w, https:\/\/miriamsmidt.com\/wp-content\/uploads\/2025\/03\/IMG_4065-768x1024.jpg 768w, https:\/\/miriamsmidt.com\/wp-content\/uploads\/2025\/03\/IMG_4065-1152x1536.jpg 1152w, https:\/\/miriamsmidt.com\/wp-content\/uploads\/2025\/03\/IMG_4065-1536x2048.jpg 1536w, https:\/\/miriamsmidt.com\/wp-content\/uploads\/2025\/03\/IMG_4065-scaled.jpg 1920w\" sizes=\"(max-width: 700px) 100vw, 700px\" \/><figcaption>Next Level Shit, Inselgalerie Berlin<\/figcaption><\/figure>\n\n\n\n<p><\/p>\n\n\n\n<p><\/p>\n\n\n\n<p><\/p>\n\n\n\n<p><\/p>\n","protected":false},"excerpt":{"rendered":"<p>Kuration: 2025: Next Level Sht*, mit Maja Rohwetter, Ann Schomburg, Swaantje G\u00fcntzel; Inselgalerie Berlin 2025 \u2013 Passionistas, mit Kim Dotty Hachmann, Maria Korporal, Astrid Menze, Wai Kit Lam et al.; Messeauftritt der Inselgalerie Berlin, Supermarket \u2013 Stockholm Independent Art Fair, Stockholm 2025 \u2013 &#8222;Lunik lebt &#8211; K\u00fcnstlerische Interventionen im ehemaligen Hotel Lunik&#8220;, mit Martin Gnadt, &hellip; <\/p>\n<p class=\"link-more\"><a href=\"https:\/\/miriamsmidt.com\/?page_id=1237\" class=\"more-link\"><span class=\"screen-reader-text\">\u201eAUSSTELLUNGEN\u201c<\/span> weiterlesen<\/a><\/p>\n","protected":false},"author":1,"featured_media":0,"parent":0,"menu_order":0,"comment_status":"closed","ping_status":"closed","template":"","meta":[],"_links":{"self":[{"href":"https:\/\/miriamsmidt.com\/index.php?rest_route=\/wp\/v2\/pages\/1237"}],"collection":[{"href":"https:\/\/miriamsmidt.com\/index.php?rest_route=\/wp\/v2\/pages"}],"about":[{"href":"https:\/\/miriamsmidt.com\/index.php?rest_route=\/wp\/v2\/types\/page"}],"author":[{"embeddable":true,"href":"https:\/\/miriamsmidt.com\/index.php?rest_route=\/wp\/v2\/users\/1"}],"replies":[{"embeddable":true,"href":"https:\/\/miriamsmidt.com\/index.php?rest_route=%2Fwp%2Fv2%2Fcomments&post=1237"}],"version-history":[{"count":49,"href":"https:\/\/miriamsmidt.com\/index.php?rest_route=\/wp\/v2\/pages\/1237\/revisions"}],"predecessor-version":[{"id":2160,"href":"https:\/\/miriamsmidt.com\/index.php?rest_route=\/wp\/v2\/pages\/1237\/revisions\/2160"}],"wp:attachment":[{"href":"https:\/\/miriamsmidt.com\/index.php?rest_route=%2Fwp%2Fv2%2Fmedia&parent=1237"}],"curies":[{"name":"wp","href":"https:\/\/api.w.org\/{rel}","templated":true}]}}