{"id":2064,"date":"2026-01-18T10:45:44","date_gmt":"2026-01-18T10:45:44","guid":{"rendered":"https:\/\/miriamsmidt.com\/?page_id=2064"},"modified":"2026-01-18T15:09:49","modified_gmt":"2026-01-18T15:09:49","slug":"verweilen","status":"publish","type":"page","link":"https:\/\/miriamsmidt.com\/?page_id=2064","title":{"rendered":"VERWEILEN?"},"content":{"rendered":"\n<p>Objekt-Installation und Versuchsreihen 2025<\/p>\n\n\n\n<figure class=\"wp-block-image size-large\"><img loading=\"lazy\" width=\"700\" height=\"670\" src=\"https:\/\/miriamsmidt.com\/wp-content\/uploads\/2026\/01\/alles-muss-700x670.jpg\" alt=\"\" class=\"wp-image-2067\" srcset=\"https:\/\/miriamsmidt.com\/wp-content\/uploads\/2026\/01\/alles-muss-700x670.jpg 700w, https:\/\/miriamsmidt.com\/wp-content\/uploads\/2026\/01\/alles-muss-300x287.jpg 300w, https:\/\/miriamsmidt.com\/wp-content\/uploads\/2026\/01\/alles-muss-768x735.jpg 768w, https:\/\/miriamsmidt.com\/wp-content\/uploads\/2026\/01\/alles-muss.jpg 990w\" sizes=\"(max-width: 700px) 100vw, 700px\" \/><figcaption><em>Alles muss sich \u00e4ndern! Alles soll bleiben, wie es ist<\/em>., St\u00e4rke und Tuschein Glycerin, in Glasgef\u00e4\u00dfen, <br>Ausstellungsansicht, <em>Archipel der freundlichen Utopien<\/em>, Inselgalerie,  Herbst 2025<\/figcaption><\/figure>\n\n\n\n<p><\/p>\n\n\n\n<p><\/p>\n\n\n\n<p><\/p>\n\n\n\n<p><\/p>\n\n\n\n<p><\/p>\n\n\n\n<p><\/p>\n\n\n\n<figure class=\"wp-block-image size-large\"><img loading=\"lazy\" width=\"700\" height=\"933\" src=\"https:\/\/miriamsmidt.com\/wp-content\/uploads\/2026\/01\/IMG_1529-700x933.jpg\" alt=\"\" class=\"wp-image-2076\" srcset=\"https:\/\/miriamsmidt.com\/wp-content\/uploads\/2026\/01\/IMG_1529-700x933.jpg 700w, https:\/\/miriamsmidt.com\/wp-content\/uploads\/2026\/01\/IMG_1529-225x300.jpg 225w, https:\/\/miriamsmidt.com\/wp-content\/uploads\/2026\/01\/IMG_1529-768x1024.jpg 768w, https:\/\/miriamsmidt.com\/wp-content\/uploads\/2026\/01\/IMG_1529-1152x1536.jpg 1152w, https:\/\/miriamsmidt.com\/wp-content\/uploads\/2026\/01\/IMG_1529-1536x2048.jpg 1536w, https:\/\/miriamsmidt.com\/wp-content\/uploads\/2026\/01\/IMG_1529-scaled.jpg 1920w\" sizes=\"(max-width: 700px) 100vw, 700px\" \/><figcaption><em>Alles muss sich \u00e4ndern! Alles soll bleiben wie es ist.<br>Pr\u00e4parat XI-II-a-2025: Suspension vom Wesen des \u00dcbergangs<\/em>, 2025<br>Tinte, St\u00e4rke, Propan-1,2,3-triol, Glas 41x\u2300 23cm<\/figcaption><\/figure>\n\n\n\n<p><\/p>\n\n\n\n<p><\/p>\n\n\n\n<p><\/p>\n\n\n\n<p><\/p>\n\n\n\n<p>Alles soll bleiben, wie es ist! Alles muss sich \u00e4ndern.<\/p>\n\n\n\n<p>In Zeiten existenzieller Unsicherheit, in denen Zerfall und Wandel allgegenw\u00e4rtig sind, entstehen neue Fragen nach Best\u00e4ndigkeit:<br>Was \u00fcberdauert die allt\u00e4glichen und vielf\u00e4ltigen Zumutungen, was widersetzt sich, was kann bestehen? Was muss sich \u00e4ndern, was darf bleiben?<\/p>\n\n\n\n<p>Ich habe meine Werke \u201eBy land by water and in the air\u201c und Great Barrier Reef\u201c f\u00fcr die Arbeit am Projekt \u201eArchipel der freundlichen Utopien\u201c zur Untersuchung herangezogen. Sie bestehen aus einem selbst entwickelten biologisch abbaubaren Material und sind entstanden aus der bewussten Ann\u00e4herung an die Verg\u00e4nglichkeit f\u00fcr das Jubil\u00e4um der Xanthippen \u201eVariable X\u201c in der f\u00fcr mich die Variable der zersetzende Faktor Zeit war.<\/p>\n\n\n\n<p>Die fragilen Strukturen, urspr\u00fcnglich als bewegte Mobile pr\u00e4sentiert, unterlagen von Beginn an der Aufl\u00f6sung durch Umweltfaktoren: Luft, Wasser, Licht. Jede Oberfl\u00e4che war eine vor\u00fcbergehende Manifestation von Zeit, dem Hier und Jetzt, seiner Begrenztheit, dem Wandel und Verfall..<\/p>\n\n\n\n<p><a href=\"https:\/\/www.inselgalerie-berlin.de\/294-ausstellung-10-10-22-11-2025-archipel-der-freundlichen-utopien-1-ergebnisse-der-ausschreibung-30-jahre-inselgalerie-berlin-2\/\">F\u00fcr das Archipel der freundlichen Utopien<\/a> trete ich in eine n\u00e4chste Phase ein: den Versuch der Bewahrung.<br>Durch eine Versuchsreihe die sich Prozessen des Konservierens widmet &#8211; mittels verschiedener Stoffe, bspw. Glycerin, Ethanol, Harze,\u2013 werden die tempor\u00e4ren Objekte in einen neuen Aggregatzustand \u00fcberf\u00fchrt und zugleich gem\u00e4\u00df des \u201eArchipel\u201c-Symbolik zu Wasserwesen.<\/p>\n\n\n\n<p>In gro\u00dfen Glasgef\u00e4\u00dfen, die an wissenschaftliche Pr\u00e4parate erinnern, verweben sich die \u00c4sthetik des Lebendigen und die Dokumentation des Vergehens zu einem neuen K\u00f6rper.<\/p>\n\n\n\n<p>Inspiriert von medizinischen und naturwissenschaftlichen Sammlungen, hinterfrage ich mit diesen Arbeiten nicht nur unsere Vorstellung von Dauer und Fragilit\u00e4t, sondern auch, was von einem k\u00fcnstlerischen Akt bleibt, wenn seine urspr\u00fcngliche Substanz vergeht.<br>Ist es das Material, das \u00fcberdauert? Sein Geist? Oder der Versuch selbst, der bewahrt werden muss?<\/p>\n\n\n\n<p>Meine freundliche Utopie schl\u00e4gt eine Br\u00fccke zwischen Zerfall und Hoffnung:<br>In einer Welt, die vom Ende spricht, bleibt das Beharren auf Sichtbarkeit und Transformation ein Akt des Widerstands \u2013 und eine stille, freundliche Geste an die Zukunft.<\/p>\n\n\n\n<p><\/p>\n\n\n\n<p><\/p>\n\n\n\n<p>VERSUCHSREIHE  <\/p>\n\n\n\n<p>Alles muss sich \u00e4ndern! Alles soll bleiben wie es ist. (Atelieraufnahmen verschiedener Ans\u00e4tze zur Konservierung):<\/p>\n\n\n\n<p><\/p>\n\n\n\n<figure class=\"wp-block-image size-large\"><img loading=\"lazy\" width=\"700\" height=\"933\" src=\"https:\/\/miriamsmidt.com\/wp-content\/uploads\/2026\/01\/Miriam-Smidt_Pra\u0308p-II-VII_3-2025_2025_-Tinte-Sta\u0308rke-Glycerin-dest.Wasser-Ethanol-Glas_32X18x18cm_500EFoto2--700x933.jpg\" alt=\"\" class=\"wp-image-2103\" srcset=\"https:\/\/miriamsmidt.com\/wp-content\/uploads\/2026\/01\/Miriam-Smidt_Pra\u0308p-II-VII_3-2025_2025_-Tinte-Sta\u0308rke-Glycerin-dest.Wasser-Ethanol-Glas_32X18x18cm_500EFoto2--700x933.jpg 700w, https:\/\/miriamsmidt.com\/wp-content\/uploads\/2026\/01\/Miriam-Smidt_Pra\u0308p-II-VII_3-2025_2025_-Tinte-Sta\u0308rke-Glycerin-dest.Wasser-Ethanol-Glas_32X18x18cm_500EFoto2--225x300.jpg 225w, https:\/\/miriamsmidt.com\/wp-content\/uploads\/2026\/01\/Miriam-Smidt_Pra\u0308p-II-VII_3-2025_2025_-Tinte-Sta\u0308rke-Glycerin-dest.Wasser-Ethanol-Glas_32X18x18cm_500EFoto2--768x1024.jpg 768w, https:\/\/miriamsmidt.com\/wp-content\/uploads\/2026\/01\/Miriam-Smidt_Pra\u0308p-II-VII_3-2025_2025_-Tinte-Sta\u0308rke-Glycerin-dest.Wasser-Ethanol-Glas_32X18x18cm_500EFoto2--1152x1536.jpg 1152w, https:\/\/miriamsmidt.com\/wp-content\/uploads\/2026\/01\/Miriam-Smidt_Pra\u0308p-II-VII_3-2025_2025_-Tinte-Sta\u0308rke-Glycerin-dest.Wasser-Ethanol-Glas_32X18x18cm_500EFoto2--1536x2048.jpg 1536w, https:\/\/miriamsmidt.com\/wp-content\/uploads\/2026\/01\/Miriam-Smidt_Pra\u0308p-II-VII_3-2025_2025_-Tinte-Sta\u0308rke-Glycerin-dest.Wasser-Ethanol-Glas_32X18x18cm_500EFoto2--scaled.jpg 1920w\" sizes=\"(max-width: 700px) 100vw, 700px\" \/><\/figure>\n\n\n\n<figure class=\"wp-block-image size-large\"><img loading=\"lazy\" width=\"700\" height=\"933\" src=\"https:\/\/miriamsmidt.com\/wp-content\/uploads\/2026\/01\/Miriam-Smidt_Pra\u0308p-IV-XI_4-2025_2025_Tinte-Sta\u0308rke-Glycerin-dest.Wasser-Ethanol-Glas_32X18x18cm_500E_Foto2.-700x933.jpg\" alt=\"\" class=\"wp-image-2104\" srcset=\"https:\/\/miriamsmidt.com\/wp-content\/uploads\/2026\/01\/Miriam-Smidt_Pra\u0308p-IV-XI_4-2025_2025_Tinte-Sta\u0308rke-Glycerin-dest.Wasser-Ethanol-Glas_32X18x18cm_500E_Foto2.-700x933.jpg 700w, https:\/\/miriamsmidt.com\/wp-content\/uploads\/2026\/01\/Miriam-Smidt_Pra\u0308p-IV-XI_4-2025_2025_Tinte-Sta\u0308rke-Glycerin-dest.Wasser-Ethanol-Glas_32X18x18cm_500E_Foto2.-225x300.jpg 225w, https:\/\/miriamsmidt.com\/wp-content\/uploads\/2026\/01\/Miriam-Smidt_Pra\u0308p-IV-XI_4-2025_2025_Tinte-Sta\u0308rke-Glycerin-dest.Wasser-Ethanol-Glas_32X18x18cm_500E_Foto2.-768x1024.jpg 768w, https:\/\/miriamsmidt.com\/wp-content\/uploads\/2026\/01\/Miriam-Smidt_Pra\u0308p-IV-XI_4-2025_2025_Tinte-Sta\u0308rke-Glycerin-dest.Wasser-Ethanol-Glas_32X18x18cm_500E_Foto2.-1152x1536.jpg 1152w, https:\/\/miriamsmidt.com\/wp-content\/uploads\/2026\/01\/Miriam-Smidt_Pra\u0308p-IV-XI_4-2025_2025_Tinte-Sta\u0308rke-Glycerin-dest.Wasser-Ethanol-Glas_32X18x18cm_500E_Foto2.-1536x2048.jpg 1536w, https:\/\/miriamsmidt.com\/wp-content\/uploads\/2026\/01\/Miriam-Smidt_Pra\u0308p-IV-XI_4-2025_2025_Tinte-Sta\u0308rke-Glycerin-dest.Wasser-Ethanol-Glas_32X18x18cm_500E_Foto2.-scaled.jpg 1920w\" sizes=\"(max-width: 700px) 100vw, 700px\" \/><\/figure>\n\n\n\n<figure class=\"wp-block-image size-large\"><img loading=\"lazy\" width=\"700\" height=\"529\" src=\"https:\/\/miriamsmidt.com\/wp-content\/uploads\/2026\/01\/Miriam-Smidt-Versuchsanordnung-700x529.jpg\" alt=\"\" class=\"wp-image-2106\" srcset=\"https:\/\/miriamsmidt.com\/wp-content\/uploads\/2026\/01\/Miriam-Smidt-Versuchsanordnung-700x529.jpg 700w, https:\/\/miriamsmidt.com\/wp-content\/uploads\/2026\/01\/Miriam-Smidt-Versuchsanordnung-300x227.jpg 300w, https:\/\/miriamsmidt.com\/wp-content\/uploads\/2026\/01\/Miriam-Smidt-Versuchsanordnung-768x580.jpg 768w, https:\/\/miriamsmidt.com\/wp-content\/uploads\/2026\/01\/Miriam-Smidt-Versuchsanordnung-1536x1160.jpg 1536w, https:\/\/miriamsmidt.com\/wp-content\/uploads\/2026\/01\/Miriam-Smidt-Versuchsanordnung-2048x1547.jpg 2048w\" sizes=\"(max-width: 700px) 100vw, 700px\" \/><\/figure>\n","protected":false},"excerpt":{"rendered":"<p>Objekt-Installation und Versuchsreihen 2025 Alles soll bleiben, wie es ist! Alles muss sich \u00e4ndern. In Zeiten existenzieller Unsicherheit, in denen Zerfall und Wandel allgegenw\u00e4rtig sind, entstehen neue Fragen nach Best\u00e4ndigkeit:Was \u00fcberdauert die allt\u00e4glichen und vielf\u00e4ltigen Zumutungen, was widersetzt sich, was kann bestehen? Was muss sich \u00e4ndern, was darf bleiben? Ich habe meine Werke \u201eBy land &hellip; <\/p>\n<p class=\"link-more\"><a href=\"https:\/\/miriamsmidt.com\/?page_id=2064\" class=\"more-link\"><span class=\"screen-reader-text\">\u201eVERWEILEN?\u201c<\/span> weiterlesen<\/a><\/p>\n","protected":false},"author":1,"featured_media":0,"parent":0,"menu_order":-5,"comment_status":"closed","ping_status":"closed","template":"","meta":[],"_links":{"self":[{"href":"https:\/\/miriamsmidt.com\/index.php?rest_route=\/wp\/v2\/pages\/2064"}],"collection":[{"href":"https:\/\/miriamsmidt.com\/index.php?rest_route=\/wp\/v2\/pages"}],"about":[{"href":"https:\/\/miriamsmidt.com\/index.php?rest_route=\/wp\/v2\/types\/page"}],"author":[{"embeddable":true,"href":"https:\/\/miriamsmidt.com\/index.php?rest_route=\/wp\/v2\/users\/1"}],"replies":[{"embeddable":true,"href":"https:\/\/miriamsmidt.com\/index.php?rest_route=%2Fwp%2Fv2%2Fcomments&post=2064"}],"version-history":[{"count":13,"href":"https:\/\/miriamsmidt.com\/index.php?rest_route=\/wp\/v2\/pages\/2064\/revisions"}],"predecessor-version":[{"id":2139,"href":"https:\/\/miriamsmidt.com\/index.php?rest_route=\/wp\/v2\/pages\/2064\/revisions\/2139"}],"wp:attachment":[{"href":"https:\/\/miriamsmidt.com\/index.php?rest_route=%2Fwp%2Fv2%2Fmedia&parent=2064"}],"curies":[{"name":"wp","href":"https:\/\/api.w.org\/{rel}","templated":true}]}}