{"id":421,"date":"2019-06-25T19:58:30","date_gmt":"2019-06-25T19:58:30","guid":{"rendered":"http:\/\/miriamsmidt.com\/?page_id=421"},"modified":"2026-01-18T16:44:43","modified_gmt":"2026-01-18T16:44:43","slug":"wegbeschreibung","status":"publish","type":"page","link":"https:\/\/miriamsmidt.com\/?page_id=421","title":{"rendered":"KONTAKT"},"content":{"rendered":"\n<p><a href=\"mailto:miriam.smidt@gmx.net\">E-Mail: <\/a>miriam.smidt@gmx.net<\/p>\n\n\n\n<p>0049(0)1621985381<\/p>\n\n\n\n<p><\/p>\n\n\n\n<p>UND IMPRESSUM:<\/p>\n\n\n\n<p><strong>Angaben gem\u00e4\u00df \u00a7 5 Telemediengesetz (TMG):<\/strong><\/p>\n\n\n\n<p>Miriam Smidt<\/p>\n\n\n\n<p>Sparrstr. 25<\/p>\n\n\n\n<p>13353 Berlin<\/p>\n\n\n\n<p>Deutschland<\/p>\n\n\n\n<p>Telefon: +49 (0)1621985381<br>E-Mail: miriam.smidt@gmx.net<\/p>\n\n\n\n<p><strong>Und noch der Pflichtteil:<\/strong><\/p>\n\n\n\n<p>Haftungsausschluss<\/p>\n\n\n\n<p>Haftung f\u00fcr Inhalte&nbsp;Die Inhalte unserer Seiten wurden mit gr\u00f6\u00dfter \nSorgfalt erstellt. F\u00fcr die Richtigkeit, Vollst\u00e4ndigkeit und Aktualit\u00e4t \nder Inhalte k\u00f6nnen wir jedoch keine Gew\u00e4hr \u00fcbernehmen. Als \nDiensteanbieter sind wir gem\u00e4\u00df \u00a7 7 Abs.1 TMG f\u00fcr eigene Inhalte auf \ndiesen Seiten nach den allgemeinen Gesetzen verantwortlich. Nach \u00a7\u00a7 8 \nbis 10 TMG sind wir als Diensteanbieter jedoch nicht verpflichtet, \n\u00fcbermittelte oder gespeicherte fremde Informationen zu \u00fcberwachen oder \nnach Umst\u00e4nden zu forschen, die auf eine rechtswidrige T\u00e4tigkeit \nhinweisen. Verpflichtungen zur Entfernung oder Sperrung der Nutzung von \nInformationen nach den allgemeinen Gesetzen bleiben hiervon unber\u00fchrt. \nEine diesbez\u00fcgliche Haftung ist jedoch erst ab dem Zeitpunkt der \nKenntnis einer konkreten Rechtsverletzung m\u00f6glich. Bei Bekanntwerden von\n entsprechenden Rechtsverletzungen werden wir diese Inhalte umgehend \nentfernen.<\/p>\n\n\n\n<p>\u200b<\/p>\n\n\n\n<p>Haftung f\u00fcr Links<br>Unser Angebot enth\u00e4lt Links zu externen \nWebseiten Dritter, auf deren Inhalte wir keinen Einfluss haben. Deshalb \nk\u00f6nnen wir f\u00fcr diese fremden Inhalte auch keine Gew\u00e4hr \u00fcbernehmen. F\u00fcr \ndie Inhalte der verlinkten Seiten ist stets der jeweilige Anbieter oder \nBetreiber der Seiten verantwortlich. Die verlinkten Seiten wurden zum \nZeitpunkt der Verlinkung auf m\u00f6gliche Rechtsverst\u00f6\u00dfe \u00fcberpr\u00fcft. \nRechtswidrige Inhalte waren zum Zeitpunkt der Verlinkung nicht \nerkennbar. Eine permanente inhaltliche Kontrolle der verlinkten Seiten \nist jedoch ohne konkrete Anhaltspunkte einer Rechtsverletzung nicht \nzumutbar. Bei Bekanntwerden von Rechtsverletzungen werden wir derartige \nLinks umgehend entfernen.<\/p>\n\n\n\n<p>\u200b<\/p>\n\n\n\n<p>Urheberrecht<br>Die durch die Seitenbetreiber erstellten Inhalte und \nWerke auf diesen Seiten unterliegen dem deutschen Urheberrecht. Die \nVervielf\u00e4ltigung, Bearbeitung, Verbreitung und jede Art der Verwertung \nau\u00dferhalb der Grenzen des Urheberrechtes bed\u00fcrfen der schriftlichen \nZustimmung des jeweiligen Autors bzw. Erstellers. Downloads und Kopien \ndieser Seite sind nur f\u00fcr den privaten, nicht kommerziellen Gebrauch \ngestattet. Soweit die Inhalte auf dieser Seite nicht vom Betreiber \nerstellt wurden, werden die Urheberrechte Dritter beachtet. Insbesondere\n werden Inhalte Dritter als solche gekennzeichnet. Sollten Sie trotzdem \nauf eine Urheberrechtsverletzung aufmerksam werden, bitten wir um einen \nentsprechenden Hinweis. Bei Bekanntwerden von Rechtsverletzungen werden \nwir derartige Inhalte umgehend entfernen.<\/p>\n\n\n\n<p>\u200b<\/p>\n\n\n\n<p>Geltungsbereich<br>Diese Datenschutzerkl\u00e4rung soll die Nutzer dieser Website gem\u00e4\u00df<br>Bundesdatenschutzgesetz und Telemediengesetz \u00fcber die Art, den Umfang und den Zweck<br>der Erhebung und Verwendung personenbezogener Daten durch den Websitebetreiber [Ihre<br>Kontaktdaten einf\u00fcgen] informieren.<br>Der Websitebetreiber nimmt Ihren Datenschutz sehr ernst und behandelt Ihre<br>personenbezogenen Daten vertraulich und entsprechend der gesetzlichen Vorschriften.<br>Bedenken Sie, dass die Daten\u00fcbertragung im Internet grunds\u00e4tzlich mit Sicherheitsl\u00fccken<br>bedacht sein kann. Ein vollumf\u00e4nglicher Schutz vor dem Zugriff durch Fremde ist nicht<br>realisierbar.<\/p>\n\n\n\n<p>Zugriffsdaten<br>Der Websitebetreiber bzw. Seitenprovider erhebt Daten \u00fcber Zugriffe auf die Seite und<br>speichert diese als \u201eServer-Logfiles\u201c ab. Folgende Daten werden so protokolliert:<br>\uf0b7 \u2013 Besuchte Website<br>\uf0b7 \u2013 Uhrzeit zum Zeitpunkt des Zugriffes<br>\uf0b7 \u2013 Menge der gesendeten Daten in Byte<br>\uf0b7 \u2013 Quelle\/Verweis, von welchem Sie auf die Seite gelangten<br>\uf0b7 \u2013 Verwendeter Browser<br>\uf0b7 \u2013 Verwendetes Betriebssystem<br>\uf0b7 \u2013 Verwendete IP-Adresse<br>Die erhobenen Daten dienen lediglich statistischen Auswertungen und zur Verbesserung der<br>Website. Der Websitebetreiber beh\u00e4lt sich allerdings vor, die Server-Logfiles nachtr\u00e4glich zu<br>\u00fcberpr\u00fcfen, sollten konkrete Anhaltspunkte auf eine rechtswidrige Nutzung hinweisen.<\/p>\n\n\n\n<p>Cookies<br>Diese Website verwendet Cookies. Dabei handelt es sich um kleine Textdateien, welche auf<br>Ihrem Endger\u00e4t gespeichert werden. Ihr Browser greift auf diese Dateien zu. Durch den<br>Einsatz von Cookies erh\u00f6ht sich die Benutzerfreundlichkeit und Sicherheit dieser Website.<\/p>\n\n\n\n<p>G\u00e4ngige Browser bieten die Einstellungsoption, Cookies nicht zuzulassen. Hinweis: Es ist<br>nicht gew\u00e4hrleistet, dass Sie auf alle Funktionen dieser Website ohne Einschr\u00e4nkungen<br>zugreifen k\u00f6nnen, wenn Sie entsprechende Einstellungen vornehmen.<br>Umgang mit personenbezogenen Daten<br>Der Websitebetreiber erhebt, nutzt und gibt Ihre personenbezogenen Daten nur dann weiter,<br>wenn dies im gesetzlichen Rahmen erlaubt ist oder Sie in die Datenerhebung einwilligen.<br>Als personenbezogene Daten gelten s\u00e4mtliche Informationen, welche dazu dienen, Ihre<br>Person zu bestimmen und welche zu Ihnen zur\u00fcckverfolgt werden k\u00f6nnen \u2013 also<br>beispielsweise Ihr Name, Ihre E-Mail-Adresse und Telefonnummer.<\/p>\n\n\n\n<p>Umgang mit Kontaktdaten<br>Nehmen Sie mit dem Websitebetreiber durch die angebotenen Kontaktm\u00f6glichkeiten<br>Verbindung auf, werden Ihre Angaben gespeichert, damit auf diese zur Bearbeitung und<br>Beantwortung Ihrer Anfrage zur\u00fcckgegriffen werden kann. Ohne Ihre Einwilligung werden<br>diese Daten nicht an Dritte weitergegeben.<\/p>\n","protected":false},"excerpt":{"rendered":"<p>E-Mail: miriam.smidt@gmx.net 0049(0)1621985381 UND IMPRESSUM: Angaben gem\u00e4\u00df \u00a7 5 Telemediengesetz (TMG): Miriam Smidt Sparrstr. 25 13353 Berlin Deutschland Telefon: +49 (0)1621985381E-Mail: miriam.smidt@gmx.net Und noch der Pflichtteil: Haftungsausschluss Haftung f\u00fcr Inhalte&nbsp;Die Inhalte unserer Seiten wurden mit gr\u00f6\u00dfter Sorgfalt erstellt. F\u00fcr die Richtigkeit, Vollst\u00e4ndigkeit und Aktualit\u00e4t der Inhalte k\u00f6nnen wir jedoch keine Gew\u00e4hr \u00fcbernehmen. Als Diensteanbieter sind &hellip; <\/p>\n<p class=\"link-more\"><a href=\"https:\/\/miriamsmidt.com\/?page_id=421\" class=\"more-link\"><span class=\"screen-reader-text\">\u201eKONTAKT\u201c<\/span> weiterlesen<\/a><\/p>\n","protected":false},"author":1,"featured_media":0,"parent":0,"menu_order":2,"comment_status":"closed","ping_status":"closed","template":"","meta":[],"_links":{"self":[{"href":"https:\/\/miriamsmidt.com\/index.php?rest_route=\/wp\/v2\/pages\/421"}],"collection":[{"href":"https:\/\/miriamsmidt.com\/index.php?rest_route=\/wp\/v2\/pages"}],"about":[{"href":"https:\/\/miriamsmidt.com\/index.php?rest_route=\/wp\/v2\/types\/page"}],"author":[{"embeddable":true,"href":"https:\/\/miriamsmidt.com\/index.php?rest_route=\/wp\/v2\/users\/1"}],"replies":[{"embeddable":true,"href":"https:\/\/miriamsmidt.com\/index.php?rest_route=%2Fwp%2Fv2%2Fcomments&post=421"}],"version-history":[{"count":14,"href":"https:\/\/miriamsmidt.com\/index.php?rest_route=\/wp\/v2\/pages\/421\/revisions"}],"predecessor-version":[{"id":2153,"href":"https:\/\/miriamsmidt.com\/index.php?rest_route=\/wp\/v2\/pages\/421\/revisions\/2153"}],"wp:attachment":[{"href":"https:\/\/miriamsmidt.com\/index.php?rest_route=%2Fwp%2Fv2%2Fmedia&parent=421"}],"curies":[{"name":"wp","href":"https:\/\/api.w.org\/{rel}","templated":true}]}}