{"id":571,"date":"2020-01-09T12:29:35","date_gmt":"2020-01-09T12:29:35","guid":{"rendered":"http:\/\/miriamsmidt.com\/?page_id=571"},"modified":"2026-02-07T15:49:25","modified_gmt":"2026-02-07T15:49:25","slug":"2018-2","status":"publish","type":"page","link":"https:\/\/miriamsmidt.com\/?page_id=571","title":{"rendered":"VOM VERGEHEN"},"content":{"rendered":"\n<p>HYPERVERG\u00c4NGLICHE OBJEKTE UND MOBILES<\/p>\n\n\n\n<p>\u201eWas aber ist die Zeit? Ein Geheimnis \u2013 eine Bedingung der Erscheinungswelt \u2013 wesenlos und allm\u00e4chtig.\u201c (Thomas Mann, Zauberberg)<\/p>\n\n\n\n<p>Sie jagt uns, nagt an uns, \u00e4u\u00dfert sich f\u00fcr uns wahrnehmbar vor allem durch Bewegung von K\u00f6rpern im (Welt)Raum, sowie durch Ver\u00e4nderung und Verfall von Materie.<br>Por\u00f6s werden, schlaff, verfallen, neigen, schrumpfen, welken, bleichen, schwinden.<\/p>\n\n\n\n<figure class=\"wp-block-image size-large\"><img loading=\"lazy\" width=\"700\" height=\"950\" src=\"https:\/\/miriamsmidt.com\/wp-content\/uploads\/2026\/01\/mobile-Atelieraufnahme-700x950.jpg\" alt=\"\" class=\"wp-image-2080\" srcset=\"https:\/\/miriamsmidt.com\/wp-content\/uploads\/2026\/01\/mobile-Atelieraufnahme-700x950.jpg 700w, https:\/\/miriamsmidt.com\/wp-content\/uploads\/2026\/01\/mobile-Atelieraufnahme-221x300.jpg 221w, https:\/\/miriamsmidt.com\/wp-content\/uploads\/2026\/01\/mobile-Atelieraufnahme-768x1042.jpg 768w, https:\/\/miriamsmidt.com\/wp-content\/uploads\/2026\/01\/mobile-Atelieraufnahme.jpg 1011w\" sizes=\"(max-width: 700px) 100vw, 700px\" \/><figcaption>By Land by Water and in the Air, 2023, St\u00e4rke und Tusche, Nylonfaden, Acrylglasr\u00f6hren,  <br>erste Versuchsanordnung, Atelieraufnahme<\/figcaption><\/figure>\n\n\n\n<p class=\"has-white-color has-text-color\">a<\/p>\n\n\n\n<p><\/p>\n\n\n\n<p class=\"has-white-color has-text-color\">r<\/p>\n\n\n\n<p class=\"has-white-color has-text-color\">t<\/p>\n\n\n\n<p class=\"has-white-color has-text-color\">f<\/p>\n\n\n\n<p class=\"has-white-color has-text-color\">o<\/p>\n\n\n\n<p class=\"has-white-color has-text-color\">r<\/p>\n\n\n\n<figure class=\"wp-block-image size-large\"><img loading=\"lazy\" width=\"700\" height=\"933\" src=\"https:\/\/miriamsmidt.com\/wp-content\/uploads\/2026\/01\/great-nbarrier-reef-wall-sculpture-700x933.jpg\" alt=\"\" class=\"wp-image-2083\" srcset=\"https:\/\/miriamsmidt.com\/wp-content\/uploads\/2026\/01\/great-nbarrier-reef-wall-sculpture-700x933.jpg 700w, https:\/\/miriamsmidt.com\/wp-content\/uploads\/2026\/01\/great-nbarrier-reef-wall-sculpture-225x300.jpg 225w, https:\/\/miriamsmidt.com\/wp-content\/uploads\/2026\/01\/great-nbarrier-reef-wall-sculpture-768x1024.jpg 768w, https:\/\/miriamsmidt.com\/wp-content\/uploads\/2026\/01\/great-nbarrier-reef-wall-sculpture-1152x1536.jpg 1152w, https:\/\/miriamsmidt.com\/wp-content\/uploads\/2026\/01\/great-nbarrier-reef-wall-sculpture-1536x2048.jpg 1536w, https:\/\/miriamsmidt.com\/wp-content\/uploads\/2026\/01\/great-nbarrier-reef-wall-sculpture-scaled.jpg 1920w\" sizes=\"(max-width: 700px) 100vw, 700px\" \/><figcaption>Great Barrier Reef #1, 2023, St\u00e4rke und Tusche montiert auf Acrylglas, 54x32x8cm<\/figcaption><\/figure>\n\n\n\n<p><\/p>\n\n\n\n<p>Meine Arbeiten der \u201eGreat Barrier Reef\u201c-Serie, sind verg\u00e4ngliche Gesch\u00f6pfe, die nicht f\u00fcr die Ewigkeit gemacht sind. Empfindsam wie das gef\u00e4hrdete \u00d6kosystem, dessen Namen sie sich leihen, kann ihnen, hauchzart wie sie sind, jede Ver\u00e4nderung \u00e4u\u00dferer Faktoren \u2013 Licht, Temperatur, Feuchtigkeit, &#8230; \u2013 sichtlich zusetzen.<\/p>\n\n\n\n<p>Sie muten auf den ersten Blick an, wie unverw\u00fcstliches Plastik, bestehen jedoch aus Pflanzenst\u00e4rke und Tinte und l\u00f6sen sich, legen wir sie beispielsweise ins Wasser, binnen Stunden g\u00e4nzlich darin auf. Ihr Schicksal und Ausgang sind von Beginn an gewiss &#8211; wie das jeden Lebens \u2013 an Land, zu Wasser und in der Luft.<\/p>\n\n\n\n<p><\/p>\n\n\n\n<p><\/p>\n\n\n\n<figure class=\"wp-block-image size-large\"><img loading=\"lazy\" width=\"700\" height=\"933\" src=\"https:\/\/miriamsmidt.com\/wp-content\/uploads\/2026\/01\/Detail-Great_Barrier_Reef-1-Miriam-Smidt-2023-Kleister-Tinte-Klebstoff-auf-Acrylglas-54x32x8cm-Foto-Miriam-Smidt-700x933.jpg\" alt=\"\" class=\"wp-image-2084\" srcset=\"https:\/\/miriamsmidt.com\/wp-content\/uploads\/2026\/01\/Detail-Great_Barrier_Reef-1-Miriam-Smidt-2023-Kleister-Tinte-Klebstoff-auf-Acrylglas-54x32x8cm-Foto-Miriam-Smidt-700x933.jpg 700w, https:\/\/miriamsmidt.com\/wp-content\/uploads\/2026\/01\/Detail-Great_Barrier_Reef-1-Miriam-Smidt-2023-Kleister-Tinte-Klebstoff-auf-Acrylglas-54x32x8cm-Foto-Miriam-Smidt-225x300.jpg 225w, https:\/\/miriamsmidt.com\/wp-content\/uploads\/2026\/01\/Detail-Great_Barrier_Reef-1-Miriam-Smidt-2023-Kleister-Tinte-Klebstoff-auf-Acrylglas-54x32x8cm-Foto-Miriam-Smidt-768x1024.jpg 768w, https:\/\/miriamsmidt.com\/wp-content\/uploads\/2026\/01\/Detail-Great_Barrier_Reef-1-Miriam-Smidt-2023-Kleister-Tinte-Klebstoff-auf-Acrylglas-54x32x8cm-Foto-Miriam-Smidt-1152x1536.jpg 1152w, https:\/\/miriamsmidt.com\/wp-content\/uploads\/2026\/01\/Detail-Great_Barrier_Reef-1-Miriam-Smidt-2023-Kleister-Tinte-Klebstoff-auf-Acrylglas-54x32x8cm-Foto-Miriam-Smidt-1536x2048.jpg 1536w, https:\/\/miriamsmidt.com\/wp-content\/uploads\/2026\/01\/Detail-Great_Barrier_Reef-1-Miriam-Smidt-2023-Kleister-Tinte-Klebstoff-auf-Acrylglas-54x32x8cm-Foto-Miriam-Smidt-scaled.jpg 1920w\" sizes=\"(max-width: 700px) 100vw, 700px\" \/><figcaption>Great Barrier Reef #1 Detailaufnahme.<\/figcaption><\/figure>\n\n\n\n<p class=\"has-white-color has-text-color\">a<\/p>\n\n\n\n<p class=\"has-white-color has-text-color\">r<\/p>\n\n\n\n<p class=\"has-white-color has-text-color\">t<\/p>\n\n\n\n<p class=\"has-white-color has-text-color\">f<\/p>\n\n\n\n<p class=\"has-white-color has-text-color\">o<\/p>\n\n\n\n<p class=\"has-white-color has-text-color\">r<\/p>\n\n\n\n<p><\/p>\n\n\n\n<figure class=\"wp-block-image size-full\"><img loading=\"lazy\" width=\"648\" height=\"977\" src=\"https:\/\/miriamsmidt.com\/wp-content\/uploads\/2026\/01\/IMobile.jpg\" alt=\"\" class=\"wp-image-2079\" srcset=\"https:\/\/miriamsmidt.com\/wp-content\/uploads\/2026\/01\/IMobile.jpg 648w, https:\/\/miriamsmidt.com\/wp-content\/uploads\/2026\/01\/IMobile-199x300.jpg 199w\" sizes=\"(max-width: 648px) 100vw, 648px\" \/><figcaption>By Land by Water and in the Air,  2023, ortsspezifische Mobile-Installation, Ausstellungsansicht , nselgalerie <\/figcaption><\/figure>\n\n\n\n<p class=\"has-white-color has-text-color\">a<\/p>\n\n\n\n<p class=\"has-white-color has-text-color\">r<\/p>\n\n\n\n<p class=\"has-white-color has-text-color\">t<\/p>\n\n\n\n<p class=\"has-white-color has-text-color\">f<\/p>\n\n\n\n<p class=\"has-white-color has-text-color\">o<\/p>\n\n\n\n<p class=\"has-white-color has-text-color\">r<\/p>\n\n\n\n<p><\/p>\n\n\n\n<figure class=\"wp-block-image size-large\"><img loading=\"lazy\" width=\"700\" height=\"647\" src=\"https:\/\/miriamsmidt.com\/wp-content\/uploads\/2026\/01\/mobile-2.0-700x647.jpg\" alt=\"\" class=\"wp-image-2115\" srcset=\"https:\/\/miriamsmidt.com\/wp-content\/uploads\/2026\/01\/mobile-2.0-700x647.jpg 700w, https:\/\/miriamsmidt.com\/wp-content\/uploads\/2026\/01\/mobile-2.0-300x277.jpg 300w, https:\/\/miriamsmidt.com\/wp-content\/uploads\/2026\/01\/mobile-2.0-768x710.jpg 768w, https:\/\/miriamsmidt.com\/wp-content\/uploads\/2026\/01\/mobile-2.0.jpg 1003w\" sizes=\"(max-width: 700px) 100vw, 700px\" \/><figcaption>By Land by Water an in the Air, 2023, Versuchsanordnung, ortsspezifische Installation Privatwohnung<\/figcaption><\/figure>\n\n\n\n<p class=\"has-white-color has-text-color\">a<\/p>\n\n\n\n<p class=\"has-white-color has-text-color\">a<\/p>\n\n\n\n<p class=\"has-white-color has-text-color\">a<\/p>\n\n\n\n<p class=\"has-white-color has-text-color\">a<\/p>\n\n\n\n<p class=\"has-white-color has-text-color\">a<\/p>\n\n\n\n<p><\/p>\n\n\n\n<figure class=\"wp-block-image size-large\"><img loading=\"lazy\" width=\"700\" height=\"993\" src=\"https:\/\/miriamsmidt.com\/wp-content\/uploads\/2026\/02\/Great_Barrier_Reef-2-Miriam-Smidt-2023-Kleister-Tinte-Klebstoff-auf-Acrylglas-46x26x13cm-Foto-Miriam-Smidt-700x993.jpg\" alt=\"\" class=\"wp-image-2161\" srcset=\"https:\/\/miriamsmidt.com\/wp-content\/uploads\/2026\/02\/Great_Barrier_Reef-2-Miriam-Smidt-2023-Kleister-Tinte-Klebstoff-auf-Acrylglas-46x26x13cm-Foto-Miriam-Smidt-700x993.jpg 700w, https:\/\/miriamsmidt.com\/wp-content\/uploads\/2026\/02\/Great_Barrier_Reef-2-Miriam-Smidt-2023-Kleister-Tinte-Klebstoff-auf-Acrylglas-46x26x13cm-Foto-Miriam-Smidt-211x300.jpg 211w, https:\/\/miriamsmidt.com\/wp-content\/uploads\/2026\/02\/Great_Barrier_Reef-2-Miriam-Smidt-2023-Kleister-Tinte-Klebstoff-auf-Acrylglas-46x26x13cm-Foto-Miriam-Smidt-768x1090.jpg 768w, https:\/\/miriamsmidt.com\/wp-content\/uploads\/2026\/02\/Great_Barrier_Reef-2-Miriam-Smidt-2023-Kleister-Tinte-Klebstoff-auf-Acrylglas-46x26x13cm-Foto-Miriam-Smidt-1082x1536.jpg 1082w, https:\/\/miriamsmidt.com\/wp-content\/uploads\/2026\/02\/Great_Barrier_Reef-2-Miriam-Smidt-2023-Kleister-Tinte-Klebstoff-auf-Acrylglas-46x26x13cm-Foto-Miriam-Smidt-1443x2048.jpg 1443w, https:\/\/miriamsmidt.com\/wp-content\/uploads\/2026\/02\/Great_Barrier_Reef-2-Miriam-Smidt-2023-Kleister-Tinte-Klebstoff-auf-Acrylglas-46x26x13cm-Foto-Miriam-Smidt-scaled.jpg 1804w\" sizes=\"(max-width: 700px) 100vw, 700px\" \/><figcaption>Great Barrier Reef #2, 2023, St\u00e4rke und Tusche montiert auf Acrylglas, 39x30x7cm<\/figcaption><\/figure>\n\n\n\n<p class=\"has-white-color has-text-color\">a<\/p>\n\n\n\n<p class=\"has-white-color has-text-color\">a<\/p>\n\n\n\n<p class=\"has-white-color has-text-color\">a<\/p>\n\n\n\n<p class=\"has-white-color has-text-color\">a<\/p>\n\n\n\n<p class=\"has-white-color has-text-color\">a<\/p>\n\n\n\n<p><\/p>\n\n\n\n<p><\/p>\n\n\n\n<p><\/p>\n\n\n\n<p><\/p>\n\n\n\n<figure class=\"wp-block-image size-large\"><img loading=\"lazy\" width=\"700\" height=\"1244\" src=\"https:\/\/miriamsmidt.com\/wp-content\/uploads\/2026\/02\/By-land-by-water-and-in-the-air-2.0-Mobile-700x1244.jpg\" alt=\"\" class=\"wp-image-2162\" srcset=\"https:\/\/miriamsmidt.com\/wp-content\/uploads\/2026\/02\/By-land-by-water-and-in-the-air-2.0-Mobile-700x1244.jpg 700w, https:\/\/miriamsmidt.com\/wp-content\/uploads\/2026\/02\/By-land-by-water-and-in-the-air-2.0-Mobile-169x300.jpg 169w, https:\/\/miriamsmidt.com\/wp-content\/uploads\/2026\/02\/By-land-by-water-and-in-the-air-2.0-Mobile-768x1365.jpg 768w, https:\/\/miriamsmidt.com\/wp-content\/uploads\/2026\/02\/By-land-by-water-and-in-the-air-2.0-Mobile-864x1536.jpg 864w, https:\/\/miriamsmidt.com\/wp-content\/uploads\/2026\/02\/By-land-by-water-and-in-the-air-2.0-Mobile.jpg 1076w\" sizes=\"(max-width: 700px) 100vw, 700px\" \/><figcaption>ortsspezifsche Mobile-Installation, Aquarelltusche, St\u00e4rke, Nylonfaden, Draht,<br>154 x 52 x 64 cm, Ausstellungsansicht, Galerie Carmen Varese,, Oktober 2024<\/figcaption><\/figure>\n","protected":false},"excerpt":{"rendered":"<p>HYPERVERG\u00c4NGLICHE OBJEKTE UND MOBILES \u201eWas aber ist die Zeit? Ein Geheimnis \u2013 eine Bedingung der Erscheinungswelt \u2013 wesenlos und allm\u00e4chtig.\u201c (Thomas Mann, Zauberberg) Sie jagt uns, nagt an uns, \u00e4u\u00dfert sich f\u00fcr uns wahrnehmbar vor allem durch Bewegung von K\u00f6rpern im (Welt)Raum, sowie durch Ver\u00e4nderung und Verfall von Materie.Por\u00f6s werden, schlaff, verfallen, neigen, schrumpfen, welken, &hellip; <\/p>\n<p class=\"link-more\"><a href=\"https:\/\/miriamsmidt.com\/?page_id=571\" class=\"more-link\"><span class=\"screen-reader-text\">\u201eVOM VERGEHEN\u201c<\/span> weiterlesen<\/a><\/p>\n","protected":false},"author":1,"featured_media":0,"parent":0,"menu_order":0,"comment_status":"closed","ping_status":"closed","template":"","meta":[],"_links":{"self":[{"href":"https:\/\/miriamsmidt.com\/index.php?rest_route=\/wp\/v2\/pages\/571"}],"collection":[{"href":"https:\/\/miriamsmidt.com\/index.php?rest_route=\/wp\/v2\/pages"}],"about":[{"href":"https:\/\/miriamsmidt.com\/index.php?rest_route=\/wp\/v2\/types\/page"}],"author":[{"embeddable":true,"href":"https:\/\/miriamsmidt.com\/index.php?rest_route=\/wp\/v2\/users\/1"}],"replies":[{"embeddable":true,"href":"https:\/\/miriamsmidt.com\/index.php?rest_route=%2Fwp%2Fv2%2Fcomments&post=571"}],"version-history":[{"count":35,"href":"https:\/\/miriamsmidt.com\/index.php?rest_route=\/wp\/v2\/pages\/571\/revisions"}],"predecessor-version":[{"id":2163,"href":"https:\/\/miriamsmidt.com\/index.php?rest_route=\/wp\/v2\/pages\/571\/revisions\/2163"}],"wp:attachment":[{"href":"https:\/\/miriamsmidt.com\/index.php?rest_route=%2Fwp%2Fv2%2Fmedia&parent=571"}],"curies":[{"name":"wp","href":"https:\/\/api.w.org\/{rel}","templated":true}]}}