{"id":573,"date":"2020-01-09T12:49:14","date_gmt":"2020-01-09T12:49:14","guid":{"rendered":"http:\/\/miriamsmidt.com\/?page_id=573"},"modified":"2026-01-18T15:24:21","modified_gmt":"2026-01-18T15:24:21","slug":"2019-2","status":"publish","type":"page","link":"https:\/\/miriamsmidt.com\/?page_id=573","title":{"rendered":"IM AUFBRUCH"},"content":{"rendered":"\n<p>Malerei (2019-2024)<\/p>\n\n\n\n<figure class=\"wp-block-image size-large\"><img loading=\"lazy\" width=\"700\" height=\"494\" src=\"https:\/\/miriamsmidt.com\/wp-content\/uploads\/2026\/01\/In-the-mood-to-fly-1-1-700x494.jpg\" alt=\"\" class=\"wp-image-2141\" srcset=\"https:\/\/miriamsmidt.com\/wp-content\/uploads\/2026\/01\/In-the-mood-to-fly-1-1-700x494.jpg 700w, https:\/\/miriamsmidt.com\/wp-content\/uploads\/2026\/01\/In-the-mood-to-fly-1-1-300x212.jpg 300w, https:\/\/miriamsmidt.com\/wp-content\/uploads\/2026\/01\/In-the-mood-to-fly-1-1-768x542.jpg 768w, https:\/\/miriamsmidt.com\/wp-content\/uploads\/2026\/01\/In-the-mood-to-fly-1-1-1536x1084.jpg 1536w, https:\/\/miriamsmidt.com\/wp-content\/uploads\/2026\/01\/In-the-mood-to-fly-1-1-2048x1445.jpg 2048w\" sizes=\"(max-width: 700px) 100vw, 700px\" \/><figcaption>In the Mood to Fly, 2024, St\u00e4rke und Tusche auf Leinwand, 100 x 150 cm<\/figcaption><\/figure>\n\n\n\n<p class=\"has-white-color has-text-color\"><\/p>\n\n\n\n<h3><strong><\/strong><\/h3>\n\n\n\n<p>In meiner Malerei bildet das Material selbst den Ausgangspunkt der Untersuchung. Flie\u00dfende Substanzen aus St\u00e4rke und Tusche  entfalten Prozesse, in denen Lebendigkeit nicht abgebildet, sondern wirksam wird. Zeit erscheint nicht als lineare Dauer, sondern als Bewegung im Bildraum: als Fluss, Reaktion, Verdichtung und Stillstellung. Die Malerei versteht sich als offenes Gef\u00fcge, in dem Ver\u00e4nderung eingeschrieben bleibt.<\/p>\n\n\n\n<p>Bewegung manifestiert sich weniger im gestischen Zugriff als im Eigenverhalten der Materialien. Sie reagieren auf Schwerkraft, Feuchtigkeit und Trocknung, bilden Zonen unterschiedlicher Dichte und legen \u00dcberg\u00e4nge offen. Das Bild ger\u00e4t in einen Zustand zwischen Kontrolle und Entzug, zwischen Setzung und Zufall. Lebendigkeit zeigt sich als fragile Balance, als permanentes Aushandeln zwischen materieller Eigenlogik und k\u00fcnstlerischer Intervention.<\/p>\n\n\n\n<p class=\"has-white-color has-text-color\">n<\/p>\n\n\n\n<p class=\"has-white-color has-text-color\">n<\/p>\n\n\n\n<p class=\"has-white-color has-text-color\">f<\/p>\n\n\n\n<figure class=\"wp-block-image size-large\"><img loading=\"lazy\" width=\"700\" height=\"222\" src=\"https:\/\/miriamsmidt.com\/wp-content\/uploads\/2026\/01\/if-only-were-brave-enough-to-be-it-Smidt-2024-700x222.jpg\" alt=\"\" class=\"wp-image-2047\" srcset=\"https:\/\/miriamsmidt.com\/wp-content\/uploads\/2026\/01\/if-only-were-brave-enough-to-be-it-Smidt-2024-700x222.jpg 700w, https:\/\/miriamsmidt.com\/wp-content\/uploads\/2026\/01\/if-only-were-brave-enough-to-be-it-Smidt-2024-300x95.jpg 300w, https:\/\/miriamsmidt.com\/wp-content\/uploads\/2026\/01\/if-only-were-brave-enough-to-be-it-Smidt-2024-768x243.jpg 768w, https:\/\/miriamsmidt.com\/wp-content\/uploads\/2026\/01\/if-only-were-brave-enough-to-be-it-Smidt-2024-1536x487.jpg 1536w, https:\/\/miriamsmidt.com\/wp-content\/uploads\/2026\/01\/if-only-were-brave-enough-to-be-it-Smidt-2024-2048x649.jpg 2048w\" sizes=\"(max-width: 700px) 100vw, 700px\" \/><figcaption>If only we&#8217;re brave enough, 2024, St\u00e4rke und Tusche auf Leinwand,  145 x 440 cm<\/figcaption><\/figure>\n\n\n\n<p class=\"has-white-color has-text-color\">m<\/p>\n\n\n\n<p class=\"has-white-color has-text-color\">m<\/p>\n\n\n\n<p class=\"has-white-color has-text-color\">m<\/p>\n\n\n\n<p class=\"has-black-color has-text-color\">rDiese Arbeiten markieren einen Aufbruch: das bewusste \u00d6ffnen des Bildraums hin zu Prozess, Zeitlichkeit und Ver\u00e4nderung. Das Bild wird nicht als Ziel verstanden, sondern als Beginn \u2013 als tempor\u00e4re Konstellation, aus der sich weitere r\u00e4umliche und materielle Verschiebungen entwickeln. Die Malerei bildet damit die Grundlage f\u00fcr sp\u00e4tere Arbeiten, in denen sich diese Fragestellungen zunehmend aus dem Bild heraus in den Raum verlagern.<\/p>\n\n\n\n<p class=\"has-white-color has-text-color\">m<\/p>\n\n\n\n<p class=\"has-white-color has-text-color\">m<\/p>\n\n\n\n<p class=\"has-white-color has-text-color\">m<\/p>\n\n\n\n<p class=\"has-white-color has-text-color\">m<\/p>\n\n\n\n<p><\/p>\n\n\n\n<p><\/p>\n\n\n\n<figure class=\"wp-block-image size-large\"><img loading=\"lazy\" width=\"700\" height=\"1055\" src=\"https:\/\/miriamsmidt.com\/wp-content\/uploads\/2026\/01\/Zoo-Motion-150-x-100-cm--700x1055.jpg\" alt=\"\" class=\"wp-image-2143\" srcset=\"https:\/\/miriamsmidt.com\/wp-content\/uploads\/2026\/01\/Zoo-Motion-150-x-100-cm--700x1055.jpg 700w, https:\/\/miriamsmidt.com\/wp-content\/uploads\/2026\/01\/Zoo-Motion-150-x-100-cm--199x300.jpg 199w, https:\/\/miriamsmidt.com\/wp-content\/uploads\/2026\/01\/Zoo-Motion-150-x-100-cm--768x1158.jpg 768w, https:\/\/miriamsmidt.com\/wp-content\/uploads\/2026\/01\/Zoo-Motion-150-x-100-cm--1019x1536.jpg 1019w, https:\/\/miriamsmidt.com\/wp-content\/uploads\/2026\/01\/Zoo-Motion-150-x-100-cm-.jpg 1200w\" sizes=\"(max-width: 700px) 100vw, 700px\" \/><figcaption>Zoomotion, 2022,, Mixedmedia auf Leinwand, 160 x 100 cm<\/figcaption><\/figure>\n\n\n\n<p class=\"has-white-color has-text-color\">a<\/p>\n\n\n\n<p class=\"has-white-color has-text-color\">r<\/p>\n\n\n\n<p class=\"has-white-color has-text-color\">t<\/p>\n\n\n\n<p class=\"has-white-color has-text-color\">f<\/p>\n\n\n\n<p class=\"has-white-color has-text-color\">o<\/p>\n\n\n\n<p class=\"has-white-color has-text-color\">r<\/p>\n\n\n\n<p><\/p>\n\n\n\n<p><\/p>\n\n\n\n<p><\/p>\n\n\n\n<p><\/p>\n\n\n\n<figure class=\"wp-block-image size-large\"><img loading=\"lazy\" width=\"700\" height=\"443\" src=\"https:\/\/miriamsmidt.com\/wp-content\/uploads\/2026\/01\/Queen_of_Everything-2021-100-x-160-cm-700x443.jpg\" alt=\"\" class=\"wp-image-2049\" srcset=\"https:\/\/miriamsmidt.com\/wp-content\/uploads\/2026\/01\/Queen_of_Everything-2021-100-x-160-cm-700x443.jpg 700w, https:\/\/miriamsmidt.com\/wp-content\/uploads\/2026\/01\/Queen_of_Everything-2021-100-x-160-cm-300x190.jpg 300w, https:\/\/miriamsmidt.com\/wp-content\/uploads\/2026\/01\/Queen_of_Everything-2021-100-x-160-cm-768x486.jpg 768w, https:\/\/miriamsmidt.com\/wp-content\/uploads\/2026\/01\/Queen_of_Everything-2021-100-x-160-cm-1536x971.jpg 1536w, https:\/\/miriamsmidt.com\/wp-content\/uploads\/2026\/01\/Queen_of_Everything-2021-100-x-160-cm-2048x1295.jpg 2048w\" sizes=\"(max-width: 700px) 100vw, 700px\" \/><figcaption>Queen of Everything, 2021, St\u00e4rke und Tusche auf Leinwand, , 100 x 160 cm<\/figcaption><\/figure>\n\n\n\n<p class=\"has-white-color has-text-color\">a<\/p>\n\n\n\n<p class=\"has-white-color has-text-color\">r<\/p>\n\n\n\n<p class=\"has-white-color has-text-color\">t<\/p>\n\n\n\n<p class=\"has-white-color has-text-color\">f<\/p>\n\n\n\n<p class=\"has-white-color has-text-color\">o<\/p>\n\n\n\n<p class=\"has-white-color has-text-color\">r<\/p>\n\n\n\n<p><\/p>\n\n\n\n<p><\/p>\n\n\n\n<p><\/p>\n\n\n\n<p><\/p>\n\n\n\n<p><\/p>\n\n\n\n<figure class=\"wp-block-image size-large\"><img loading=\"lazy\" width=\"700\" height=\"446\" src=\"https:\/\/miriamsmidt.com\/wp-content\/uploads\/2026\/01\/Arrival-and-Departure-700x446.jpg\" alt=\"\" class=\"wp-image-2051\" srcset=\"https:\/\/miriamsmidt.com\/wp-content\/uploads\/2026\/01\/Arrival-and-Departure-700x446.jpg 700w, https:\/\/miriamsmidt.com\/wp-content\/uploads\/2026\/01\/Arrival-and-Departure-300x191.jpg 300w, https:\/\/miriamsmidt.com\/wp-content\/uploads\/2026\/01\/Arrival-and-Departure-768x490.jpg 768w, https:\/\/miriamsmidt.com\/wp-content\/uploads\/2026\/01\/Arrival-and-Departure.jpg 1411w\" sizes=\"(max-width: 700px) 100vw, 700px\" \/><figcaption>Arrival and Departure, 2021, sSt\u00e4rke und Tusche auf Leinwand, 145 x200 cm<\/figcaption><\/figure>\n\n\n\n<p class=\"has-white-color has-text-color\">a<\/p>\n\n\n\n<p class=\"has-white-color has-text-color\">r<\/p>\n\n\n\n<p class=\"has-white-color has-text-color\">t<\/p>\n\n\n\n<p class=\"has-white-color has-text-color\">f<\/p>\n\n\n\n<p class=\"has-white-color has-text-color\">o<\/p>\n\n\n\n<p class=\"has-white-color has-text-color\">r<\/p>\n\n\n\n<p><\/p>\n\n\n\n<p><\/p>\n\n\n\n<p><\/p>\n\n\n\n<p><\/p>\n\n\n\n<p><\/p>\n\n\n\n<figure class=\"wp-block-image size-full\"><img loading=\"lazy\" width=\"700\" height=\"1159\" src=\"https:\/\/miriamsmidt.com\/wp-content\/uploads\/2026\/01\/Swim-700x1159-1.jpg\" alt=\"\" class=\"wp-image-2150\" srcset=\"https:\/\/miriamsmidt.com\/wp-content\/uploads\/2026\/01\/Swim-700x1159-1.jpg 700w, https:\/\/miriamsmidt.com\/wp-content\/uploads\/2026\/01\/Swim-700x1159-1-181x300.jpg 181w\" sizes=\"(max-width: 700px) 100vw, 700px\" \/><figcaption>Swim, 2020, St\u00e4rke und Tusche auf Leinwand, 160 x 100 cm<\/figcaption><\/figure>\n\n\n\n<p class=\"has-white-color has-text-color\">a<\/p>\n\n\n\n<p class=\"has-white-color has-text-color\">r<\/p>\n\n\n\n<p class=\"has-white-color has-text-color\">t<\/p>\n\n\n\n<p class=\"has-white-color has-text-color\">f<\/p>\n\n\n\n<p class=\"has-white-color has-text-color\">o<\/p>\n\n\n\n<p class=\"has-white-color has-text-color\">r<\/p>\n\n\n\n<p><\/p>\n\n\n\n<p><\/p>\n\n\n\n<p><\/p>\n\n\n\n<p><\/p>\n\n\n\n<p><\/p>\n\n\n\n<p><\/p>\n\n\n\n<figure class=\"wp-block-image\"><img loading=\"lazy\" width=\"700\" height=\"802\" src=\"http:\/\/miriamsmidt.com\/wp-content\/uploads\/2020\/03\/Escaping-the-Cocoon3-700x802.jpg\" alt=\"\" class=\"wp-image-810\" srcset=\"https:\/\/miriamsmidt.com\/wp-content\/uploads\/2020\/03\/Escaping-the-Cocoon3-700x802.jpg 700w, https:\/\/miriamsmidt.com\/wp-content\/uploads\/2020\/03\/Escaping-the-Cocoon3-262x300.jpg 262w, https:\/\/miriamsmidt.com\/wp-content\/uploads\/2020\/03\/Escaping-the-Cocoon3-768x880.jpg 768w, https:\/\/miriamsmidt.com\/wp-content\/uploads\/2020\/03\/Escaping-the-Cocoon3-800x917.jpg 800w\" sizes=\"(max-width: 700px) 100vw, 700px\" \/><figcaption>Breaking the Cocoon, 2019, Mixedmedia auf Papier 120 x 100 cm<br><br><br><br><br><br><br><br><br><br><br><\/figcaption><\/figure>\n\n\n\n<figure class=\"wp-block-image\"><img loading=\"lazy\" width=\"700\" height=\"1021\" src=\"http:\/\/miriamsmidt.com\/wp-content\/uploads\/2021\/01\/Birds-perspective-700x1021.jpg\" alt=\"\" class=\"wp-image-947\" srcset=\"https:\/\/miriamsmidt.com\/wp-content\/uploads\/2021\/01\/Birds-perspective-700x1021.jpg 700w, https:\/\/miriamsmidt.com\/wp-content\/uploads\/2021\/01\/Birds-perspective-206x300.jpg 206w, https:\/\/miriamsmidt.com\/wp-content\/uploads\/2021\/01\/Birds-perspective-768x1120.jpg 768w, https:\/\/miriamsmidt.com\/wp-content\/uploads\/2021\/01\/Birds-perspective-800x1166.jpg 800w, https:\/\/miriamsmidt.com\/wp-content\/uploads\/2021\/01\/Birds-perspective.jpg 1935w\" sizes=\"(max-width: 700px) 100vw, 700px\" \/><figcaption>Bird&#8217;s Perspectives, 2019, Mixedmedia auf Papier, 84 x 59 cm<br><br><br><br><br><br><br><br><\/figcaption><\/figure>\n\n\n\n<p class=\"has-text-align-center\"><\/p>\n\n\n\n<p><\/p>\n\n\n\n<p><\/p>\n\n\n\n<p><\/p>\n\n\n\n<p><\/p>\n\n\n\n<p><\/p>\n\n\n\n<p><\/p>\n\n\n\n<figure class=\"wp-block-image\"><img loading=\"lazy\" width=\"700\" height=\"1039\" src=\"http:\/\/miriamsmidt.com\/wp-content\/uploads\/2020\/03\/Tele-Pathos-700x1039.jpg\" alt=\"\" class=\"wp-image-820\" srcset=\"https:\/\/miriamsmidt.com\/wp-content\/uploads\/2020\/03\/Tele-Pathos-700x1039.jpg 700w, https:\/\/miriamsmidt.com\/wp-content\/uploads\/2020\/03\/Tele-Pathos-202x300.jpg 202w, https:\/\/miriamsmidt.com\/wp-content\/uploads\/2020\/03\/Tele-Pathos-768x1140.jpg 768w, https:\/\/miriamsmidt.com\/wp-content\/uploads\/2020\/03\/Tele-Pathos-800x1187.jpg 800w\" sizes=\"(max-width: 700px) 100vw, 700px\" \/><figcaption>TelePathos, 2019, St\u00e4rke und Tusche auf Papier, 84 x 59 cm<br><br><br><br><br><br><br><br><\/figcaption><\/figure>\n\n\n\n<p><\/p>\n\n\n\n<figure class=\"wp-block-image is-resized\"><img loading=\"lazy\" src=\"http:\/\/miriamsmidt.com\/wp-content\/uploads\/2020\/01\/Creatures-700x512.jpg\" alt=\"\" class=\"wp-image-739\" width=\"989\" height=\"724\" srcset=\"https:\/\/miriamsmidt.com\/wp-content\/uploads\/2020\/01\/Creatures-700x512.jpg 700w, https:\/\/miriamsmidt.com\/wp-content\/uploads\/2020\/01\/Creatures-300x219.jpg 300w, https:\/\/miriamsmidt.com\/wp-content\/uploads\/2020\/01\/Creatures-768x561.jpg 768w, https:\/\/miriamsmidt.com\/wp-content\/uploads\/2020\/01\/Creatures-800x585.jpg 800w, https:\/\/miriamsmidt.com\/wp-content\/uploads\/2020\/01\/Creatures-80x60.jpg 80w\" sizes=\"(max-width: 706px) 89vw, (max-width: 767px) 82vw, 740px\" \/><figcaption>Creatures, 2019, St\u00e4rke und Tusche auf Papier, 42 x 58 cm<br><br><br><br><br><br><br><br><\/figcaption><\/figure>\n\n\n\n<figure class=\"wp-block-image\"><img loading=\"lazy\" width=\"700\" height=\"956\" src=\"http:\/\/miriamsmidt.com\/wp-content\/uploads\/2020\/01\/Homo-sapiens-700x956.jpg\" alt=\"\" class=\"wp-image-742\" srcset=\"https:\/\/miriamsmidt.com\/wp-content\/uploads\/2020\/01\/Homo-sapiens-700x956.jpg 700w, https:\/\/miriamsmidt.com\/wp-content\/uploads\/2020\/01\/Homo-sapiens-220x300.jpg 220w, https:\/\/miriamsmidt.com\/wp-content\/uploads\/2020\/01\/Homo-sapiens-768x1049.jpg 768w, https:\/\/miriamsmidt.com\/wp-content\/uploads\/2020\/01\/Homo-sapiens-800x1092.jpg 800w, https:\/\/miriamsmidt.com\/wp-content\/uploads\/2020\/01\/Homo-sapiens.jpg 1923w\" sizes=\"(max-width: 700px) 100vw, 700px\" \/><figcaption>Homo Sapiens, 2019, Mixedmedia auf Papier,  32 x 24 cm<br><br><br><br><br><br><br><br><br><br><br><\/figcaption><\/figure>\n\n\n\n<figure class=\"wp-block-image\"><img loading=\"lazy\" width=\"700\" height=\"936\" src=\"http:\/\/miriamsmidt.com\/wp-content\/uploads\/2020\/01\/Dancing-in-the-Rain-700x936.jpg\" alt=\"\" class=\"wp-image-723\" srcset=\"https:\/\/miriamsmidt.com\/wp-content\/uploads\/2020\/01\/Dancing-in-the-Rain-700x936.jpg 700w, https:\/\/miriamsmidt.com\/wp-content\/uploads\/2020\/01\/Dancing-in-the-Rain-224x300.jpg 224w, https:\/\/miriamsmidt.com\/wp-content\/uploads\/2020\/01\/Dancing-in-the-Rain-768x1027.jpg 768w, https:\/\/miriamsmidt.com\/wp-content\/uploads\/2020\/01\/Dancing-in-the-Rain-800x1070.jpg 800w\" sizes=\"(max-width: 700px) 100vw, 700px\" \/><figcaption>Dancing in the Rain, 2019, Mixedmedis uf Papier 48 x 36 cm<br><br><br><br><br><br><br><br><br><br><\/figcaption><\/figure>\n\n\n<div class=\"wp-block-image\">\n<figure class=\"aligncenter is-resized\"><img loading=\"lazy\" src=\"http:\/\/miriamsmidt.com\/wp-content\/uploads\/2020\/01\/Artrax.jpg\" alt=\"\" class=\"wp-image-640\" width=\"529\" height=\"668\" srcset=\"https:\/\/miriamsmidt.com\/wp-content\/uploads\/2020\/01\/Artrax.jpg 473w, https:\/\/miriamsmidt.com\/wp-content\/uploads\/2020\/01\/Artrax-238x300.jpg 238w\" sizes=\"(max-width: 529px) 100vw, 529px\" \/><figcaption>Artax, 2018, Mixedmedia auf Papier, 32 x 24 cm<br><br><br><br><br><br><br><br><br><br><\/figcaption><\/figure><\/div>\n\n\n<figure class=\"wp-block-image\"><img alt=\"\"\/><\/figure>\n\n\n\n<p><\/p>\n","protected":false},"excerpt":{"rendered":"<p>Malerei (2019-2024) In meiner Malerei bildet das Material selbst den Ausgangspunkt der Untersuchung. Flie\u00dfende Substanzen aus St\u00e4rke und Tusche entfalten Prozesse, in denen Lebendigkeit nicht abgebildet, sondern wirksam wird. Zeit erscheint nicht als lineare Dauer, sondern als Bewegung im Bildraum: als Fluss, Reaktion, Verdichtung und Stillstellung. Die Malerei versteht sich als offenes Gef\u00fcge, in dem &hellip; <\/p>\n<p class=\"link-more\"><a href=\"https:\/\/miriamsmidt.com\/?page_id=573\" class=\"more-link\"><span class=\"screen-reader-text\">\u201eIM AUFBRUCH\u201c<\/span> weiterlesen<\/a><\/p>\n","protected":false},"author":1,"featured_media":0,"parent":318,"menu_order":2,"comment_status":"closed","ping_status":"closed","template":"","meta":[],"_links":{"self":[{"href":"https:\/\/miriamsmidt.com\/index.php?rest_route=\/wp\/v2\/pages\/573"}],"collection":[{"href":"https:\/\/miriamsmidt.com\/index.php?rest_route=\/wp\/v2\/pages"}],"about":[{"href":"https:\/\/miriamsmidt.com\/index.php?rest_route=\/wp\/v2\/types\/page"}],"author":[{"embeddable":true,"href":"https:\/\/miriamsmidt.com\/index.php?rest_route=\/wp\/v2\/users\/1"}],"replies":[{"embeddable":true,"href":"https:\/\/miriamsmidt.com\/index.php?rest_route=%2Fwp%2Fv2%2Fcomments&post=573"}],"version-history":[{"count":102,"href":"https:\/\/miriamsmidt.com\/index.php?rest_route=\/wp\/v2\/pages\/573\/revisions"}],"predecessor-version":[{"id":2151,"href":"https:\/\/miriamsmidt.com\/index.php?rest_route=\/wp\/v2\/pages\/573\/revisions\/2151"}],"up":[{"embeddable":true,"href":"https:\/\/miriamsmidt.com\/index.php?rest_route=\/wp\/v2\/pages\/318"}],"wp:attachment":[{"href":"https:\/\/miriamsmidt.com\/index.php?rest_route=%2Fwp%2Fv2%2Fmedia&parent=573"}],"curies":[{"name":"wp","href":"https:\/\/api.w.org\/{rel}","templated":true}]}}