{"id":953,"date":"2021-01-24T07:24:48","date_gmt":"2021-01-24T07:24:48","guid":{"rendered":"http:\/\/miriamsmidt.com\/?page_id=953"},"modified":"2026-01-18T16:45:03","modified_gmt":"2026-01-18T16:45:03","slug":"2021-2","status":"publish","type":"page","link":"https:\/\/miriamsmidt.com\/","title":{"rendered":"AKTUELLES"},"content":{"rendered":"\n<figure class=\"wp-block-image size-large\"><img loading=\"lazy\" width=\"700\" height=\"525\" src=\"https:\/\/miriamsmidt.com\/wp-content\/uploads\/2026\/01\/Pra\u0308visium-2025-3D-Druck-PHA-20-x-20-x-9-cm-700x525.jpg\" alt=\"\" class=\"wp-image-2091\" srcset=\"https:\/\/miriamsmidt.com\/wp-content\/uploads\/2026\/01\/Pra\u0308visium-2025-3D-Druck-PHA-20-x-20-x-9-cm-700x525.jpg 700w, https:\/\/miriamsmidt.com\/wp-content\/uploads\/2026\/01\/Pra\u0308visium-2025-3D-Druck-PHA-20-x-20-x-9-cm-300x225.jpg 300w, https:\/\/miriamsmidt.com\/wp-content\/uploads\/2026\/01\/Pra\u0308visium-2025-3D-Druck-PHA-20-x-20-x-9-cm-768x576.jpg 768w, https:\/\/miriamsmidt.com\/wp-content\/uploads\/2026\/01\/Pra\u0308visium-2025-3D-Druck-PHA-20-x-20-x-9-cm-1536x1152.jpg 1536w, https:\/\/miriamsmidt.com\/wp-content\/uploads\/2026\/01\/Pra\u0308visium-2025-3D-Druck-PHA-20-x-20-x-9-cm.jpg 1556w\" sizes=\"(max-width: 700px) 100vw, 700px\" \/><figcaption>Ausstellungsansicht: Inselgalerie Berlin, Dezember 2025<br>Vordergrund: Pr\u00e4visium, 3D Druck; Hintergrund: Tabula Rasa, 3 Kreidetafeln<\/figcaption><\/figure>\n\n\n\n<p><\/p>\n\n\n\n<p><\/p>\n\n\n\n<p class=\"has-text-align-left\">F\u00fcr die Ausstellungsreihe &#8222;NEXT LEVEL SH*T&#8220; habe ich mein Werk einem Neuen Ansatz ge\u00f6ffnet. Nach den Auseinandersetzungen mit Werden, Vergehen und Bewahren, was w\u00e4re da &#8222;next Level?&#8220; \u00dcberleben! &#8211; nicht im Kleinen und Pers\u00f6nlichen sondern als Kollektive Aufgabe und Herausforderung!  <\/p>\n\n\n\n<p class=\"has-text-align-left\">Der neu begonnene Werkzyklus widmet sich den Voraussetzungen menschlichen \u00dcberlebens im Zeitalter von Destruktion und Hoffnungsverlust als Fragestellung ethischer Anthropologie. <\/p>\n\n\n\n<p class=\"has-text-align-left\">Im Sinne des Arbeitsauftrages &#8222;digital works in an analog world&#8220; habe ich im 3D-Druck Verfahren spekulative menschliche Organe entwickelt und im Kontext der Sozialen Plastik den Menschen als ver\u00e4nderungsbed\u00fcrftiges Material weiterentwickelt &#8211; nicht im als Adaption an bevorstehende Katastrophen sondern zur Mitigation ebendieser.<\/p>\n\n\n\n<p><\/p>\n\n\n\n<p><\/p>\n\n\n\n<p>PRESSE:<\/p>\n\n\n\n<figure class=\"wp-block-embed is-type-wp-embed is-provider-art-style-art-amp-culture-international-magazine wp-block-embed-art-style-art-amp-culture-international-magazine\"><div class=\"wp-block-embed__wrapper\">\n<blockquote class=\"wp-embedded-content\" data-secret=\"h4hqw5ISqf\"><a href=\"https:\/\/artstyle-editions.org\/2026\/01\/08\/level-sht-digital-works-in-an-analog-world-curated-by-kim-dotty-hachmann-and-miriam-smidt-insel-galerie-in-berlin\/\">Next Level Sh*t: Digital Works in a (Still) Analog World, curated by Kim Kim Dotty Hachmann and Miriam Smidt, INSELGALERIE in&nbsp;Berlin<\/a><\/blockquote><iframe class=\"wp-embedded-content\" sandbox=\"allow-scripts\" security=\"restricted\" style=\"position: absolute; clip: rect(1px, 1px, 1px, 1px);\" title=\"&#8220;Next Level Sh*t: Digital Works in a (Still) Analog World, curated by Kim Kim Dotty Hachmann and Miriam Smidt, INSELGALERIE in&nbsp;Berlin&#8221; &#8212; Art Style  |   Art &amp; Culture International Magazine\" src=\"https:\/\/artstyle-editions.org\/2026\/01\/08\/level-sht-digital-works-in-an-analog-world-curated-by-kim-dotty-hachmann-and-miriam-smidt-insel-galerie-in-berlin\/embed\/#?secret=usY2yhlkrA#?secret=h4hqw5ISqf\" data-secret=\"h4hqw5ISqf\" width=\"525\" height=\"296\" frameborder=\"0\" marginwidth=\"0\" marginheight=\"0\" scrolling=\"no\"><\/iframe>\n<\/div><\/figure>\n\n\n\n<p class=\"has-white-color has-text-color\">.f\u00fcr die Ausstellungsreihe &#8222;NEXT LEVEL SH*T&#8220; habe ich mein Werk einem Neuen Ansatz ge\u00f6ffnet. Der neu begonnene Werkzyklus widmet sich den Voraussetzungen menschlichen \u00dcberlebena im Sinne eine ethischen Anthropologie.<\/p>\n\n\n\n<p class=\"has-white-color has-text-color\">.<\/p>\n\n\n\n<figure class=\"wp-block-image size-full\"><img loading=\"lazy\" width=\"600\" height=\"142\" src=\"https:\/\/miriamsmidt.com\/wp-content\/uploads\/2026\/01\/Schriftzug_295_1.jpg\" alt=\"\" class=\"wp-image-2095\" srcset=\"https:\/\/miriamsmidt.com\/wp-content\/uploads\/2026\/01\/Schriftzug_295_1.jpg 600w, https:\/\/miriamsmidt.com\/wp-content\/uploads\/2026\/01\/Schriftzug_295_1-300x71.jpg 300w\" sizes=\"(max-width: 600px) 100vw, 600px\" \/><\/figure>\n\n\n\n<p class=\"has-white-color has-text-color\">.<\/p>\n\n\n\n<p class=\"has-white-color has-text-color\"><\/p>\n\n\n\n<figure class=\"wp-block-image size-full\"><img loading=\"lazy\" width=\"595\" height=\"841\" src=\"https:\/\/miriamsmidt.com\/wp-content\/uploads\/2026\/01\/PM_NLS_InselgalerieBerlin.jpg\" alt=\"\" class=\"wp-image-2093\" srcset=\"https:\/\/miriamsmidt.com\/wp-content\/uploads\/2026\/01\/PM_NLS_InselgalerieBerlin.jpg 595w, https:\/\/miriamsmidt.com\/wp-content\/uploads\/2026\/01\/PM_NLS_InselgalerieBerlin-212x300.jpg 212w\" sizes=\"(max-width: 595px) 100vw, 595px\" \/><figcaption>weiterf\u00fchrende Informationen: https:\/\/www.inselgalerie-berlin.de\/295-ausstellung-next-level-sht-2\/<\/figcaption><\/figure>\n\n\n\n<figure class=\"wp-block-image size-large\"><img loading=\"lazy\" width=\"700\" height=\"570\" src=\"https:\/\/miriamsmidt.com\/wp-content\/uploads\/2026\/01\/Tabula-Rasa-13-Glandula-Prospectionis-2025-Kreide-auf-Tafel-40-x-60-cm-700x570.jpg\" alt=\"\" class=\"wp-image-2119\" srcset=\"https:\/\/miriamsmidt.com\/wp-content\/uploads\/2026\/01\/Tabula-Rasa-13-Glandula-Prospectionis-2025-Kreide-auf-Tafel-40-x-60-cm-700x570.jpg 700w, https:\/\/miriamsmidt.com\/wp-content\/uploads\/2026\/01\/Tabula-Rasa-13-Glandula-Prospectionis-2025-Kreide-auf-Tafel-40-x-60-cm-300x244.jpg 300w, https:\/\/miriamsmidt.com\/wp-content\/uploads\/2026\/01\/Tabula-Rasa-13-Glandula-Prospectionis-2025-Kreide-auf-Tafel-40-x-60-cm-768x625.jpg 768w, https:\/\/miriamsmidt.com\/wp-content\/uploads\/2026\/01\/Tabula-Rasa-13-Glandula-Prospectionis-2025-Kreide-auf-Tafel-40-x-60-cm.jpg 1173w\" sizes=\"(max-width: 700px) 100vw, 700px\" \/><figcaption>Tabula Rasa, 1\/3 2025, Kreide auf Schiefertafel, 40 x 60 cm<\/figcaption><\/figure>\n\n\n\n<p><\/p>\n\n\n\n<p><\/p>\n\n\n\n<p><\/p>\n\n\n\n<p><\/p>\n\n\n\n<p><\/p>\n\n\n\n<p><\/p>\n\n\n\n<p><\/p>\n\n\n\n<p><\/p>\n\n\n\n<p><\/p>\n\n\n\n<p><\/p>\n\n\n\n<p><\/p>\n\n\n\n<p><\/p>\n\n\n\n<p><\/p>\n\n\n\n<p><\/p>\n\n\n\n<p><\/p>\n\n\n\n<p><\/p>\n\n\n\n<p><\/p>\n\n\n\n<p><\/p>\n\n\n\n<p><\/p>\n\n\n\n<p class=\"has-white-color has-text-color\">.<\/p>\n\n\n\n<p class=\"has-white-color has-text-color\">.<\/p>\n\n\n\n<p class=\"has-white-color has-text-color\">.<\/p>\n\n\n\n<p class=\"has-white-color has-text-color\">.<\/p>\n\n\n\n<p class=\"has-white-color has-text-color\">.<\/p>\n\n\n\n<p class=\"has-white-color has-text-color\">.<\/p>\n\n\n\n<p><\/p>\n\n\n\n<p><\/p>\n\n\n\n<p><\/p>\n\n\n\n<p><\/p>\n\n\n\n<p><\/p>\n\n\n\n<p><\/p>\n\n\n\n<p><\/p>\n\n\n\n<p><\/p>\n\n\n\n<p><\/p>\n\n\n\n<p class=\"has-white-color has-text-color\">.<\/p>\n\n\n\n<p class=\"has-white-color has-text-color\">.<\/p>\n\n\n\n<p class=\"has-white-color has-text-color\">.<\/p>\n\n\n\n<p class=\"has-white-color has-text-color\">.<\/p>\n\n\n\n<p class=\"has-white-color has-text-color\">.<\/p>\n\n\n\n<p class=\"has-white-color has-text-color\">.<\/p>\n\n\n\n<p class=\"has-white-color has-text-color\">.<\/p>\n\n\n\n<p class=\"has-white-color has-text-color\">.<\/p>\n\n\n\n<p class=\"has-white-color has-text-color\">.<\/p>\n\n\n\n<p class=\"has-white-color has-text-color\">.<\/p>\n\n\n\n<p class=\"has-white-color has-text-color\">.<\/p>\n\n\n\n<p class=\"has-white-color has-text-color\">.<\/p>\n\n\n\n<p><\/p>\n\n\n\n<p><\/p>\n\n\n\n<p><\/p>\n\n\n\n<p><\/p>\n\n\n\n<p><\/p>\n\n\n\n<p><\/p>\n\n\n\n<p><\/p>\n\n\n\n<p><\/p>\n\n\n\n<p><\/p>\n\n\n\n<p><\/p>\n\n\n\n<p><\/p>\n\n\n\n<p class=\"has-white-color has-text-color\">.<\/p>\n\n\n\n<p class=\"has-white-color has-text-color\">.<\/p>\n\n\n\n<p class=\"has-white-color has-text-color\">.<\/p>\n\n\n\n<p class=\"has-white-color has-text-color\">.<\/p>\n\n\n\n<p class=\"has-white-color has-text-color\">.<\/p>\n\n\n\n<p class=\"has-white-color has-text-color\">.<\/p>\n\n\n\n<p><\/p>\n\n\n\n<p><\/p>\n\n\n\n<p><\/p>\n\n\n\n<p><\/p>\n\n\n\n<p><\/p>\n\n\n\n<p><\/p>\n\n\n\n<p><\/p>\n\n\n\n<p><\/p>\n\n\n\n<p><\/p>\n\n\n\n<p class=\"has-white-color has-text-color\">.<\/p>\n\n\n\n<p class=\"has-white-color has-text-color\">.<\/p>\n\n\n\n<p class=\"has-white-color has-text-color\">.<\/p>\n\n\n\n<p class=\"has-white-color has-text-color\">.<\/p>\n\n\n\n<p class=\"has-white-color has-text-color\">.<\/p>\n\n\n\n<p class=\"has-white-color has-text-color\">.<\/p>\n\n\n\n<p class=\"has-white-color has-text-color\">.<\/p>\n\n\n\n<p class=\"has-white-color has-text-color\">.<\/p>\n\n\n\n<p class=\"has-white-color has-text-color\">.<\/p>\n\n\n\n<p class=\"has-white-color has-text-color\">.<\/p>\n\n\n\n<p class=\"has-white-color has-text-color\">.<\/p>\n\n\n\n<p>.<\/p>\n\n\n\n<p><\/p>\n\n\n\n<p><\/p>\n\n\n\n<p><\/p>\n\n\n\n<p><\/p>\n\n\n\n<p><\/p>\n\n\n\n<p><\/p>\n\n\n\n<p><\/p>\n\n\n\n<p><\/p>\n\n\n\n<p><\/p>\n\n\n\n<p><\/p>\n\n\n\n<p><\/p>\n\n\n\n<p>           <\/p>\n\n\n\n<p>       <\/p>\n\n\n\n<p>         <\/p>\n\n\n\n<p>         <\/p>\n\n\n\n<p>         <\/p>\n\n\n\n<p>       <\/p>\n\n\n\n<p><\/p>\n\n\n\n<p><\/p>\n\n\n\n<p><\/p>\n\n\n\n<p><\/p>\n\n\n\n<p><\/p>\n\n\n\n<p><\/p>\n\n\n\n<p><\/p>\n\n\n\n<p><\/p>\n\n\n\n<p><\/p>\n\n\n\n<p><\/p>\n\n\n\n<p><\/p>\n\n\n\n<p><\/p>\n\n\n\n<p><\/p>\n\n\n\n<p><\/p>\n\n\n\n<p><\/p>\n\n\n\n<p><\/p>\n\n\n\n<p><\/p>\n\n\n\n<p><\/p>\n\n\n\n<p><\/p>\n\n\n\n<p><\/p>\n\n\n\n<p><\/p>\n\n\n\n<p><\/p>\n","protected":false},"excerpt":{"rendered":"<p>F\u00fcr die Ausstellungsreihe &#8222;NEXT LEVEL SH*T&#8220; habe ich mein Werk einem Neuen Ansatz ge\u00f6ffnet. Nach den Auseinandersetzungen mit Werden, Vergehen und Bewahren, was w\u00e4re da &#8222;next Level?&#8220; \u00dcberleben! &#8211; nicht im Kleinen und Pers\u00f6nlichen sondern als Kollektive Aufgabe und Herausforderung! Der neu begonnene Werkzyklus widmet sich den Voraussetzungen menschlichen \u00dcberlebens im Zeitalter von Destruktion und &hellip; <\/p>\n<p class=\"link-more\"><a href=\"https:\/\/miriamsmidt.com\/\" class=\"more-link\"><span class=\"screen-reader-text\">\u201eAKTUELLES\u201c<\/span> weiterlesen<\/a><\/p>\n","protected":false},"author":1,"featured_media":0,"parent":318,"menu_order":-2,"comment_status":"closed","ping_status":"closed","template":"","meta":[],"_links":{"self":[{"href":"https:\/\/miriamsmidt.com\/index.php?rest_route=\/wp\/v2\/pages\/953"}],"collection":[{"href":"https:\/\/miriamsmidt.com\/index.php?rest_route=\/wp\/v2\/pages"}],"about":[{"href":"https:\/\/miriamsmidt.com\/index.php?rest_route=\/wp\/v2\/types\/page"}],"author":[{"embeddable":true,"href":"https:\/\/miriamsmidt.com\/index.php?rest_route=\/wp\/v2\/users\/1"}],"replies":[{"embeddable":true,"href":"https:\/\/miriamsmidt.com\/index.php?rest_route=%2Fwp%2Fv2%2Fcomments&post=953"}],"version-history":[{"count":157,"href":"https:\/\/miriamsmidt.com\/index.php?rest_route=\/wp\/v2\/pages\/953\/revisions"}],"predecessor-version":[{"id":2155,"href":"https:\/\/miriamsmidt.com\/index.php?rest_route=\/wp\/v2\/pages\/953\/revisions\/2155"}],"up":[{"embeddable":true,"href":"https:\/\/miriamsmidt.com\/index.php?rest_route=\/wp\/v2\/pages\/318"}],"wp:attachment":[{"href":"https:\/\/miriamsmidt.com\/index.php?rest_route=%2Fwp%2Fv2%2Fmedia&parent=953"}],"curies":[{"name":"wp","href":"https:\/\/api.w.org\/{rel}","templated":true}]}}